{"id":1652,"date":"2020-08-31T18:52:54","date_gmt":"2020-08-31T23:52:54","guid":{"rendered":"https:\/\/www.rosslawgroup.com\/?page_id=1652"},"modified":"2020-08-31T18:53:42","modified_gmt":"2020-08-31T23:53:42","slug":"austin-abogado-de-horas-extra","status":"publish","type":"page","link":"https:\/\/www.rosslawgroup.com\/es\/practica-areas\/austin-abogado-de-empleo\/austin-abogado-de-horas-extra\/","title":{"rendered":"Austin Abogados de Horas Extra"},"content":{"rendered":"<p><span style=\"font-weight: 400;\">Las leyes sobre el pago de horas extras pueden ser confuses para los trabajadores que est\u00e1n tratando do aprender m\u00e1s sobre sus derechos laborales. La Ley De Normas Laborales Justas (Fair Labor Standards Act) tiene conjunto complicado de reglas sobre las exenciones de horas extras.\u00a0 Esas reglas junto con las decisiones judiciales de las demandas determinan si usted tiene derecho a que le pagan las horas extras.\u00a0 Hay otros factores, como diferentes tipos de m\u00e9todos de pago, clasificaci\u00f3n adecuada de sue estado exento o no extent, si usted es un empleado o un contratista independiente y otras cosas afectan si se le debe o no pago de horas extras no pagadas y si es as\u00ed, cu\u00e1nto se le debe.\u00a0 Entender c\u00f3mo tu m\u00e9todo de pago afecta tu derecho a los salarios de horas extras te ayudar\u00e1 a luchar contra las practicas de pago injustas de horas extras.\u00a0 Un abogado calificado de Texas en horario de tiempo libre en el Grupo Ross \u2022 Scalise <\/span>puede ayudarle a que ese proceso sea m\u00e1s f\u00e1cil.<\/p>\n<h2><b>Trabajadores Por Hora<\/b><\/h2>\n<p><span style=\"font-weight: 400;\">La mayor\u00eda de los trabajadores a los que se les paga por hora tienen derecho a recibir pago de horas extras.\u00a0 Algunos empleadores simplemente dir\u00e1n \u201cno pagamos horas extras,\u201d pero la ley, no el empleador decide qui\u00e9n recibe horas extras pagadas.\u00a0 A veces, los empleadores cambian las tarjetas de tiempo o deducen el tiempo para las pausas para comer que no se toman.\u00a0 Algunos pueden pagar el tiempo directo por todas las horas. Algunos, simplemente no pagan por todas las horas trabajadas.\u00a0 Si usted tiene derecho a salarios por horas extras y el empleador sabe que usted est\u00e1 trabajando m\u00e1s de 40 horas a la semana, debe recibir todo el pago que usted gana bajo la ley.\u00a0\u00a0<\/span><\/p>\n<h2><b>Trabajadores Salariales<\/b><\/h2>\n<p><span style=\"font-weight: 400;\">Dos factores determinan si el empleado con pago de salario est\u00e1 exento de ser pagado horas extras:\u00a0<\/span><\/p>\n<ol>\n<li style=\"font-weight: 400;\"><span style=\"font-weight: 400;\">\u00bfEl empleado le pagan al menos $684 por semana?<\/span><\/li>\n<li style=\"font-weight: 400;\"><span style=\"font-weight: 400;\">\u00bfEl empleado desempe\u00f1a las funciones de un empleado exento?<\/span><\/li>\n<\/ol>\n<p><span style=\"font-weight: 400;\">La Ley De Normas Laborales Justas (<\/span><a href=\"https:\/\/www.dol.gov\/whd\/regs\/statutes\/FairLaborStandAct.pdf\"><span style=\"font-weight: 400;\">Fair Labor Standards Act<\/span><\/a><span style=\"font-weight: 400;\">&#8211;<\/span><span style=\"font-weight: 400;\">FLSA) es el conjunto de leyes que determinan si la posici\u00f3n de el empleado est\u00e1 exento.\u00a0 Si usted le pagan en salario pero tiene ciertos deberes de trabajo especificos su empleador tiene que pagarle el pago de horas extras si trabaja m\u00e1s de 40 horas a la semana.\u00a0<\/span><\/p>\n<p><span style=\"font-weight: 400;\">Puede ser dific\u00edl saber si sus deberes de trabajo califican su puesto para una exenci\u00f3n de horas extras.\u00a0 Un gran manera de determiner si usted tiene derecho a que le pagen sus horas extras a pesar de que se le paga un salario es a ponerse en contacto con un abogado de empleo calificado en Austin, TX. \u00a0 La prueba de derechos puede determinar si usted est\u00e1 o no bajo una exenci\u00f3n. Existen tres categor\u00edas principales de funciones:\u00a0 Ejecutivo, administrativo y profesionales.\u00a0 Para obtener m\u00e1s informaci\u00f3n sobre su trabajo en particular, hable con un abogado.\u00a0<\/span><\/p>\n<h2><b>Trabajadores De Tarifa Diario<\/b><\/h2>\n<p><span style=\"font-weight: 400;\">Si su empleador le paga en una base de tarifa por d\u00eda, como es frecuentemente el caso de un trabajador del campo de petr\u00f3leo o gas, tiene derecho a recibir pago por horas extras. Su empleador podr\u00eda creer err\u00f3neamente que los trabajadores de la tarifa por d\u00eda est\u00e1n exentos de recibir horas extras pagadas, pero eso no es el caso.\u00a0 Por ejemplo, si su empleador le paga una tarifa de d\u00eda y no le paga las horas extras cuando trabaja m\u00e1s de 40 horas a la semana, tiene derecho a hacer una reclamaci\u00f3n por horas extras que no le est\u00e1n pagado.\u00a0<\/span><\/p>\n<p><span style=\"font-weight: 400;\">Incluso si su empleador le paga una tarifa de d\u00eda que es significativamente m\u00e1s que el salario m\u00ednimo, todav\u00eda est\u00e1 obligado a pargarle al menos tiempo y medio por su tarifa regular por horas extras. Comun\u00edquese con un abogado de horas extras de Texas para discutir sus opciones legales si cree que deber\u00eda recibir horas extras pagadas como trabajador de tarifa d\u00edario.\u00a0<\/span><\/p>\n<h2><b>Empleados Con Propinas<\/b><\/h2>\n<p><span style=\"font-weight: 400;\">Bajo La Ley De Normas Laborales Justas (FLSA) los empleados aquellos que regularmente ganan m\u00e1s de $30 por mes en propinas deben calcular el monto de horas extras basadoen en el cr\u00e9dito de propina.\u00a0 Los empleados con propinas incluyen camareros, camareras, botones, personal de mostrador y otros empleados que habitualmente reciben propinas. El cr\u00e9dito de propina describe a un empleador que usa propinas para empleados como un cr\u00e9dito contra sus obligaciones de salario m\u00ednimo.<\/span><\/p>\n<p><span style=\"font-weight: 400;\">Una problema com\u00fan para los empleados con propinas es tirar de propinas ilegales. Es legal exigir a los empleados con propinas que tiren consejos y luego compartan los consejos con otros empleados, pero los consejos solo se pueden compartir con ciertas categr\u00edas de empleados. Si su empleador le hace tirar de sus propinas, debe hablar con un abogado de salarios para averiguar si el empleador est\u00e1 siguiendo las reglas.\u00a0<\/span><\/p>\n<p><span style=\"font-weight: 400;\">Para calcular los salarios de horas extras para el empleado con propina, el empleador debe multiplicar el salario m\u00ednimo ($7.25 en Texas) por 1.5 y restar un cr\u00e9dito de propina de $5.12.\u00a0 $5.12 en cr\u00e9dito de propina se calcula restando el salario m\u00ednimo en efectivo $2.13 de salario m\u00ednimo. Por lo tanto, cuando el salario m\u00ednimo federal es de $7.25 empleadores adeudados a los trabajadores con propinas $5.76 por hora para las horas extras trabajadas.<\/span><\/p>\n<h2><b>El Grupo De Abogados Ross \u2022 Scalise | Abogados De Horas Extras de Texas<\/b><\/h2>\n<p><span style=\"font-weight: 400;\">Independientemente de su m\u00e9todo de pago, debe entender las disposiciones de horas extras para su tipo particular de trabajo. Para determinar que no se le enga\u00f1e fuera de las horas extras, discuta sus opciones con un abogado. La Ley De Normas Laborales Justas\u00a0 (FLSA) dice que las exenciones de horas extras, pero muchos factores pueden contribuir a determinar si su empleador le debe el pago de horas extras.\u00a0<\/span><\/p>\n<p><span style=\"font-weight: 400;\">No aceptes quedar en cambiocorto. Las violaciones de las horas extras son graves y podr\u00edan estar costando much dinero. El Grupo Ross \u2022 Scalise se encarga de las facetas de la ley laboral, incluyendo las violaciones de las horas extras.\u00a0 Usted no tiene nada que perder llamando para averiguar si puede tener una reclamaci\u00f3n de horas extras.\u00a0 Llame a nuestra oficina al 512-474-7677 o cont\u00e1ctenos por internet para una evaluation de caso y m\u00e1s informaci\u00f3n. <\/span><\/p>\n","protected":false},"excerpt":{"rendered":"<p>Las leyes sobre el pago de horas extras pueden ser confuses para los trabajadores que est\u00e1n tratando do aprender m\u00e1s sobre sus derechos laborales. La Ley De Normas Laborales Justas (Fair Labor Standards Act) tiene conjunto complicado de reglas sobre las exenciones de horas extras.\u00a0 Esas reglas junto con las decisiones judiciales de las demandas [&hellip;]<\/p>\n","protected":false},"author":2,"featured_media":0,"parent":1650,"menu_order":0,"comment_status":"closed","ping_status":"closed","template":"","meta":{"_acf_changed":false,"_eb_attr":"","footnotes":""},"class_list":["post-1652","page","type-page","status-publish","hentry"],"acf":[],"featured_image_src":null,"yoast_head":"<!-- This site is optimized with the Yoast SEO plugin v27.3 - https:\/\/yoast.com\/product\/yoast-seo-wordpress\/ -->\n<title>Austin Abogados de Horas Extra - Ross \u2022 Scalise Employment Lawyers<\/title>\n<meta name=\"robots\" content=\"index, follow, max-snippet:-1, max-image-preview:large, max-video-preview:-1\" \/>\n<link rel=\"canonical\" href=\"https:\/\/www.rosslawgroup.com\/es\/practica-areas\/austin-abogado-de-empleo\/austin-abogado-de-horas-extra\/\" \/>\n<meta property=\"og:locale\" content=\"es_ES\" \/>\n<meta property=\"og:type\" content=\"article\" \/>\n<meta property=\"og:title\" content=\"Austin Abogados de Horas Extra - Ross \u2022 Scalise Employment Lawyers\" \/>\n<meta property=\"og:description\" content=\"Las leyes sobre el pago de horas extras pueden ser confuses para los trabajadores que est\u00e1n tratando do aprender m\u00e1s sobre sus derechos laborales. La Ley De Normas Laborales Justas (Fair Labor Standards Act) tiene conjunto complicado de reglas sobre las exenciones de horas extras.\u00a0 Esas reglas junto con las decisiones judiciales de las demandas [&hellip;]\" \/>\n<meta property=\"og:url\" content=\"https:\/\/www.rosslawgroup.com\/es\/practica-areas\/austin-abogado-de-empleo\/austin-abogado-de-horas-extra\/\" \/>\n<meta property=\"og:site_name\" content=\"Ross \u2022 Scalise Employment Lawyers\" \/>\n<meta property=\"article:publisher\" content=\"https:\/\/www.facebook.com\/rosslawgroup\/\" \/>\n<meta property=\"article:modified_time\" content=\"2020-08-31T23:53:42+00:00\" \/>\n<meta property=\"og:image\" content=\"https:\/\/www.rosslawgroup.com\/wp-content\/uploads\/2023\/07\/Default-Website-Image.png\" \/>\n\t<meta property=\"og:image:width\" content=\"1200\" \/>\n\t<meta property=\"og:image:height\" content=\"675\" \/>\n\t<meta property=\"og:image:type\" content=\"image\/png\" \/>\n<meta name=\"twitter:card\" content=\"summary_large_image\" \/>\n<meta name=\"twitter:label1\" content=\"Tiempo de lectura\" \/>\n\t<meta name=\"twitter:data1\" content=\"5 minutos\" \/>\n<script type=\"application\/ld+json\" class=\"yoast-schema-graph\">{\"@context\":\"https:\\\/\\\/schema.org\",\"@graph\":[{\"@type\":\"WebPage\",\"@id\":\"https:\\\/\\\/www.rosslawgroup.com\\\/es\\\/practica-areas\\\/austin-abogado-de-empleo\\\/austin-abogado-de-horas-extra\\\/\",\"url\":\"https:\\\/\\\/www.rosslawgroup.com\\\/es\\\/practica-areas\\\/austin-abogado-de-empleo\\\/austin-abogado-de-horas-extra\\\/\",\"name\":\"Austin Abogados de Horas Extra - Ross \u2022 Scalise Employment Lawyers\",\"isPartOf\":{\"@id\":\"https:\\\/\\\/www.rosslawgroup.com\\\/#website\"},\"datePublished\":\"2020-08-31T23:52:54+00:00\",\"dateModified\":\"2020-08-31T23:53:42+00:00\",\"breadcrumb\":{\"@id\":\"https:\\\/\\\/www.rosslawgroup.com\\\/es\\\/practica-areas\\\/austin-abogado-de-empleo\\\/austin-abogado-de-horas-extra\\\/#breadcrumb\"},\"inLanguage\":\"es\",\"potentialAction\":[{\"@type\":\"ReadAction\",\"target\":[\"https:\\\/\\\/www.rosslawgroup.com\\\/es\\\/practica-areas\\\/austin-abogado-de-empleo\\\/austin-abogado-de-horas-extra\\\/\"]}]},{\"@type\":\"BreadcrumbList\",\"@id\":\"https:\\\/\\\/www.rosslawgroup.com\\\/es\\\/practica-areas\\\/austin-abogado-de-empleo\\\/austin-abogado-de-horas-extra\\\/#breadcrumb\",\"itemListElement\":[{\"@type\":\"ListItem\",\"position\":1,\"name\":\"Home\",\"item\":\"https:\\\/\\\/www.rosslawgroup.com\\\/\"},{\"@type\":\"ListItem\",\"position\":2,\"name\":\"\u00c1reas en que ejercemos\",\"item\":\"https:\\\/\\\/www.rosslawgroup.com\\\/es\\\/practica-areas\\\/\"},{\"@type\":\"ListItem\",\"position\":3,\"name\":\"Abogado de Empleo en Austin\",\"item\":\"https:\\\/\\\/www.rosslawgroup.com\\\/es\\\/practica-areas\\\/austin-abogado-de-empleo\\\/\"},{\"@type\":\"ListItem\",\"position\":4,\"name\":\"Austin Abogados de Horas Extra\"}]},{\"@type\":\"WebSite\",\"@id\":\"https:\\\/\\\/www.rosslawgroup.com\\\/#website\",\"url\":\"https:\\\/\\\/www.rosslawgroup.com\\\/\",\"name\":\"Ross \u2022 Scalise Employment Lawyers\",\"description\":\"\",\"publisher\":{\"@id\":\"https:\\\/\\\/www.rosslawgroup.com\\\/#organization\"},\"potentialAction\":[{\"@type\":\"SearchAction\",\"target\":{\"@type\":\"EntryPoint\",\"urlTemplate\":\"https:\\\/\\\/www.rosslawgroup.com\\\/?s={search_term_string}\"},\"query-input\":{\"@type\":\"PropertyValueSpecification\",\"valueRequired\":true,\"valueName\":\"search_term_string\"}}],\"inLanguage\":\"es\"},{\"@type\":\"Organization\",\"@id\":\"https:\\\/\\\/www.rosslawgroup.com\\\/#organization\",\"name\":\"Ross \u2022 Scalise Employment Lawyers\",\"url\":\"https:\\\/\\\/www.rosslawgroup.com\\\/\",\"logo\":{\"@type\":\"ImageObject\",\"inLanguage\":\"es\",\"@id\":\"https:\\\/\\\/www.rosslawgroup.com\\\/#\\\/schema\\\/logo\\\/image\\\/\",\"url\":\"https:\\\/\\\/www.rosslawgroup.com\\\/wp-content\\\/uploads\\\/2018\\\/11\\\/house-yellow-black.png\",\"contentUrl\":\"https:\\\/\\\/www.rosslawgroup.com\\\/wp-content\\\/uploads\\\/2018\\\/11\\\/house-yellow-black.png\",\"width\":260,\"height\":190,\"caption\":\"Ross \u2022 Scalise Employment Lawyers\"},\"image\":{\"@id\":\"https:\\\/\\\/www.rosslawgroup.com\\\/#\\\/schema\\\/logo\\\/image\\\/\"},\"sameAs\":[\"https:\\\/\\\/www.facebook.com\\\/rosslawgroup\\\/\",\"https:\\\/\\\/www.instagram.com\\\/austinemploymentlawyers\\\/\",\"https:\\\/\\\/www.linkedin.com\\\/company\\\/ross-law-group\\\/\"]}]}<\/script>\n<!-- \/ Yoast SEO plugin. -->","yoast_head_json":{"title":"Austin Abogados de Horas Extra - Ross \u2022 Scalise Employment Lawyers","robots":{"index":"index","follow":"follow","max-snippet":"max-snippet:-1","max-image-preview":"max-image-preview:large","max-video-preview":"max-video-preview:-1"},"canonical":"https:\/\/www.rosslawgroup.com\/es\/practica-areas\/austin-abogado-de-empleo\/austin-abogado-de-horas-extra\/","og_locale":"es_ES","og_type":"article","og_title":"Austin Abogados de Horas Extra - Ross \u2022 Scalise Employment Lawyers","og_description":"Las leyes sobre el pago de horas extras pueden ser confuses para los trabajadores que est\u00e1n tratando do aprender m\u00e1s sobre sus derechos laborales. La Ley De Normas Laborales Justas (Fair Labor Standards Act) tiene conjunto complicado de reglas sobre las exenciones de horas extras.\u00a0 Esas reglas junto con las decisiones judiciales de las demandas [&hellip;]","og_url":"https:\/\/www.rosslawgroup.com\/es\/practica-areas\/austin-abogado-de-empleo\/austin-abogado-de-horas-extra\/","og_site_name":"Ross \u2022 Scalise Employment Lawyers","article_publisher":"https:\/\/www.facebook.com\/rosslawgroup\/","article_modified_time":"2020-08-31T23:53:42+00:00","og_image":[{"width":1200,"height":675,"url":"https:\/\/www.rosslawgroup.com\/wp-content\/uploads\/2023\/07\/Default-Website-Image.png","type":"image\/png"}],"twitter_card":"summary_large_image","twitter_misc":{"Tiempo de lectura":"5 minutos"},"schema":{"@context":"https:\/\/schema.org","@graph":[{"@type":"WebPage","@id":"https:\/\/www.rosslawgroup.com\/es\/practica-areas\/austin-abogado-de-empleo\/austin-abogado-de-horas-extra\/","url":"https:\/\/www.rosslawgroup.com\/es\/practica-areas\/austin-abogado-de-empleo\/austin-abogado-de-horas-extra\/","name":"Austin Abogados de Horas Extra - Ross \u2022 Scalise Employment Lawyers","isPartOf":{"@id":"https:\/\/www.rosslawgroup.com\/#website"},"datePublished":"2020-08-31T23:52:54+00:00","dateModified":"2020-08-31T23:53:42+00:00","breadcrumb":{"@id":"https:\/\/www.rosslawgroup.com\/es\/practica-areas\/austin-abogado-de-empleo\/austin-abogado-de-horas-extra\/#breadcrumb"},"inLanguage":"es","potentialAction":[{"@type":"ReadAction","target":["https:\/\/www.rosslawgroup.com\/es\/practica-areas\/austin-abogado-de-empleo\/austin-abogado-de-horas-extra\/"]}]},{"@type":"BreadcrumbList","@id":"https:\/\/www.rosslawgroup.com\/es\/practica-areas\/austin-abogado-de-empleo\/austin-abogado-de-horas-extra\/#breadcrumb","itemListElement":[{"@type":"ListItem","position":1,"name":"Home","item":"https:\/\/www.rosslawgroup.com\/"},{"@type":"ListItem","position":2,"name":"\u00c1reas en que ejercemos","item":"https:\/\/www.rosslawgroup.com\/es\/practica-areas\/"},{"@type":"ListItem","position":3,"name":"Abogado de Empleo en Austin","item":"https:\/\/www.rosslawgroup.com\/es\/practica-areas\/austin-abogado-de-empleo\/"},{"@type":"ListItem","position":4,"name":"Austin Abogados de Horas Extra"}]},{"@type":"WebSite","@id":"https:\/\/www.rosslawgroup.com\/#website","url":"https:\/\/www.rosslawgroup.com\/","name":"Ross \u2022 Scalise Employment Lawyers","description":"","publisher":{"@id":"https:\/\/www.rosslawgroup.com\/#organization"},"potentialAction":[{"@type":"SearchAction","target":{"@type":"EntryPoint","urlTemplate":"https:\/\/www.rosslawgroup.com\/?s={search_term_string}"},"query-input":{"@type":"PropertyValueSpecification","valueRequired":true,"valueName":"search_term_string"}}],"inLanguage":"es"},{"@type":"Organization","@id":"https:\/\/www.rosslawgroup.com\/#organization","name":"Ross \u2022 Scalise Employment Lawyers","url":"https:\/\/www.rosslawgroup.com\/","logo":{"@type":"ImageObject","inLanguage":"es","@id":"https:\/\/www.rosslawgroup.com\/#\/schema\/logo\/image\/","url":"https:\/\/www.rosslawgroup.com\/wp-content\/uploads\/2018\/11\/house-yellow-black.png","contentUrl":"https:\/\/www.rosslawgroup.com\/wp-content\/uploads\/2018\/11\/house-yellow-black.png","width":260,"height":190,"caption":"Ross \u2022 Scalise Employment Lawyers"},"image":{"@id":"https:\/\/www.rosslawgroup.com\/#\/schema\/logo\/image\/"},"sameAs":["https:\/\/www.facebook.com\/rosslawgroup\/","https:\/\/www.instagram.com\/austinemploymentlawyers\/","https:\/\/www.linkedin.com\/company\/ross-law-group\/"]}]}},"_links":{"self":[{"href":"https:\/\/www.rosslawgroup.com\/es\/wp-json\/wp\/v2\/pages\/1652","targetHints":{"allow":["GET"]}}],"collection":[{"href":"https:\/\/www.rosslawgroup.com\/es\/wp-json\/wp\/v2\/pages"}],"about":[{"href":"https:\/\/www.rosslawgroup.com\/es\/wp-json\/wp\/v2\/types\/page"}],"author":[{"embeddable":true,"href":"https:\/\/www.rosslawgroup.com\/es\/wp-json\/wp\/v2\/users\/2"}],"replies":[{"embeddable":true,"href":"https:\/\/www.rosslawgroup.com\/es\/wp-json\/wp\/v2\/comments?post=1652"}],"version-history":[{"count":0,"href":"https:\/\/www.rosslawgroup.com\/es\/wp-json\/wp\/v2\/pages\/1652\/revisions"}],"up":[{"embeddable":true,"href":"https:\/\/www.rosslawgroup.com\/es\/wp-json\/wp\/v2\/pages\/1650"}],"wp:attachment":[{"href":"https:\/\/www.rosslawgroup.com\/es\/wp-json\/wp\/v2\/media?parent=1652"}],"curies":[{"name":"wp","href":"https:\/\/api.w.org\/{rel}","templated":true}]}}